{"id":8118,"date":"2017-06-06T10:07:42","date_gmt":"2017-06-06T09:07:42","guid":{"rendered":"https:\/\/www.mantrashakti.nl\/?page_id=8118"},"modified":"2025-03-07T11:36:04","modified_gmt":"2025-03-07T10:36:04","slug":"pray-and-practise","status":"publish","type":"page","link":"https:\/\/mantrashakti.nl\/?page_id=8118","title":{"rendered":"Pray and Practise"},"content":{"rendered":"\n<h2 class=\"wp-block-heading\"><span style=\"color: #666699;\">PRAY AND PRACTISE voor het leerlingentraject<\/span><\/h2>\n\n\n\n<h6 class=\"wp-block-heading\"><span style=\"color: #666699;\">Voor zij die meer willen leren van de kennis van Laxman bieden wij een individueel traject aan. Daarin gaan wij in op de specifieke thema&#8217;s waar je\u00a0meer van wil leren, weten en ervaren.\u00a0<\/span><span style=\"color: #ffffff;\">..<\/span><\/h6>\n\n\n\n<h5 class=\"wp-block-heading\"><span style=\"color: #993300;\">PRAY staat voor je richten naar iets groters dan je eigen ego.<\/span><\/h5>\n\n\n\n<h5 class=\"wp-block-heading\"><span style=\"color: #993300;\">PRAY staat voor het gebruiken van geestelijke en spirituele verbintenissen.<\/span><\/h5>\n\n\n\n<h5 class=\"wp-block-heading\"><span style=\"color: #993300;\">PRACTISE staat voor het materi\u00eble, het oefenen en het doen.&nbsp;<\/span><\/h5>\n\n\n\n<h5 class=\"wp-block-heading\"><span style=\"color: #993300;\">PRACTISE staat voor dat wij altijd voortgaan en voortdurend&nbsp;veranderen.&nbsp;<\/span><\/h5>\n\n\n\n<p><span style=\"font-family: verdana, geneva, sans-serif; font-size: 10pt;\">Pray and Practise is een<\/span><span style=\"font-family: verdana, geneva, sans-serif; font-size: 10pt;\">&nbsp;sessie-reeks opgebouwd uit telkens drie stappen:<\/span><\/p>\n\n\n\n<p><span style=\"font-family: verdana, geneva, sans-serif; font-size: 10pt;\">1.&nbsp;Ori\u00ebntatie gesprek<br>2. Les<br>3. Verdiepings-les<\/span><\/p>\n\n\n\n<p><span style=\"font-family: verdana, geneva, sans-serif; font-size: 10pt;\">Hoe<\/span><span style=\"font-family: verdana, geneva, sans-serif; font-size: 10pt;\">lang een sessie (2 of 3) duurt is onderling af te spreken. Dit kan een aaneengesloten sessie van 4 uur zijn, of een terugkerende afspraak voor een aaneengesloten sessie, totdat je klaar bent om naar de verdieping les te gaan. Na iedere les sluiten we af met een korte evaluatie.<\/span><\/p>\n\n\n\n<p><span style=\"font-family: verdana, geneva, sans-serif; font-size: 10pt;\">In een leerlingentraject van \u2018Pray and Practise\u2019 kunnen allerlei verschillende onderwerpen aan bod komen. Doel is dat we op verkenning gaan in de richting waarin jij je verder wilt ontwikkelen (Een aantal voorbeelden onderaan de pagina weergegeven). Je kiest je voorkeuren. Laxman geeft aan of daar bepaalde voorkennis of oefening voor nodig is. Hier kun je dan thuis verder mee aan de slag.<\/span><\/p>\n\n\n\n<p><span style=\"font-family: verdana, geneva, sans-serif; font-size: 10pt;\">In principe is Pray and Practise een individueel traject. Mocht er interesse zijn een sessie-reeks samen met een partner of goede vriend-in te volgen, dan is naar elkaar luisteren en meebeleven een natuurlijk onderdeel van die reeks geworden. Jullie delen dan de aandacht en de tijd. Stem verwachtingen goed af en maak hierover een duidelijke afspraak.<\/span><\/p>\n\n\n\n<h6 class=\"wp-block-heading\"><span style=\"color: #666699; font-size: 10pt;\">WAT KUN JE VERWACHTEN?<\/span><\/h6>\n\n\n\n<p><span style=\"font-family: verdana, geneva, sans-serif; font-size: 10pt;\">1. Er zijn geen niveaus, getuigschriften, lesjaren of lesgroepen.<br><\/span><span style=\"font-family: verdana, geneva, sans-serif; font-size: 10pt;\">2. Pray and Practise is geen open les met een voordracht. Laxman bereid per sessie de door jouw aangegeven voorkeuren\/doelen voor die je dan gaat onderzoeken.<br><\/span><span style=\"font-family: verdana, geneva, sans-serif; font-size: 10pt;\">3.<\/span><span style=\"font-family: verdana, geneva, sans-serif; font-size: 10pt;\">&nbsp;Per sessie-reeks bekijken we samen je behoefte; verdieping \/ andere richting \/ aanvullend onderwerp.<br><\/span><span style=\"font-family: verdana, geneva, sans-serif; font-size: 10pt;\">4. In principe is Pray and Practise een individueel traject.<br><\/span><span style=\"font-family: verdana, geneva, sans-serif; font-size: 10pt;\">5. Per sessie: 4 uur op een dag (hetzij anders afgesproken)<br><\/span><span style=\"font-family: verdana, geneva, sans-serif; font-size: 10pt;\">6. Prijsindicatie: \u20ac225 (op basis van 4 uur aaneengesloten in de praktijk van Mantra Shakti)<br><\/span><span style=\"font-family: verdana, geneva, sans-serif; font-size: 10pt;\">7. Ori\u00ebntatie en evaluatiegesprek zijn kosteloos (in het eerste ori\u00ebntatiegesprek wordt geen indicatie afgegeven of \u00e9n hoeveel u kunt leren). <\/span><\/p>\n\n\n\n<p><span style=\"font-family: verdana, geneva, sans-serif; font-size: 10pt;\">Maak voor een gesprek wel een afspraak.<\/span><\/p>\n\n\n\n<p><iframe src=\"https:\/\/www.youtube.be\/embed\/61kABuOvFK0?rel=0&amp;showinfo=0&amp;iv_load_policy=3&amp;controls=0\" width=\"560\" height=\"315\" frameborder=\"0\" allowfullscreen=\"allowfullscreen\"><span data-mce-type=\"bookmark\" style=\"display: inline-block; width: 0px; overflow: hidden; line-height: 0;\" class=\"mce_SELRES_start\">\ufeff<\/span><\/iframe><br><span style=\"font-family: verdana, geneva, sans-serif; font-size: 8pt;\">Ons video- en beeldmateriaal is verkregen in overeenstemming met de persoon-en in beeld. Wilt u dit toch graag laten verwijderen, laat dit ons dan even weten.<\/span><\/p>\n\n\n<div class=\"wp-block-image wp-image-8121 size-full\">\n<figure class=\"aligncenter size-large\"><a href=\"https:\/\/mantrashakti.nl\/wp-content\/uploads\/2017\/06\/hanglampen_1_1.jpg\"><img fetchpriority=\"high\" decoding=\"async\" width=\"1024\" height=\"299\" src=\"https:\/\/mantrashakti.nl\/wp-content\/uploads\/2017\/06\/hanglampen_1_1-1024x299.jpg\" alt=\"pray and practise\" class=\"wp-image-8121\" srcset=\"https:\/\/mantrashakti.nl\/wp-content\/uploads\/2017\/06\/hanglampen_1_1-1024x299.jpg 1024w, https:\/\/mantrashakti.nl\/wp-content\/uploads\/2017\/06\/hanglampen_1_1-300x88.jpg 300w, https:\/\/mantrashakti.nl\/wp-content\/uploads\/2017\/06\/hanglampen_1_1-768x224.jpg 768w, https:\/\/mantrashakti.nl\/wp-content\/uploads\/2017\/06\/hanglampen_1_1.jpg 1920w\" sizes=\"(max-width: 1024px) 100vw, 1024px\" \/><\/a><figcaption class=\"wp-element-caption\"><em>Iedereen krijgt voeding van dezelfde bron. het is onze vorm in hoe wij uiting geven aan ons innerlijke licht.<\/em><\/figcaption><\/figure>\n<\/div>","protected":false},"excerpt":{"rendered":"<p>Als je denkt dat je meer uit jezelf kunt halen en daarbij een goede begeleiding zoekt, dan is Pray and Practise als leerlingentraject iets voor jou. Ga op zoek in de vragen en antwoorden door te mediteren, met mantra&#8217;s te werken, je horoscoop te gebruiken en trans van verschillende energie\u00ebn te ervaren. Kom in Pray and Practise bij Laxman Giri, Mantra Shakti. <a class=\"continue-reading-link\" href=\"https:\/\/mantrashakti.nl\/?page_id=8118\"> Continue reading <span class=\"meta-nav\">&rarr; <\/span><\/a><\/p>\n","protected":false},"author":3,"featured_media":5052,"parent":0,"menu_order":0,"comment_status":"closed","ping_status":"closed","template":"","meta":{"footnotes":""},"class_list":["post-8118","page","type-page","status-publish","has-post-thumbnail","hentry"],"_links":{"self":[{"href":"https:\/\/mantrashakti.nl\/index.php?rest_route=\/wp\/v2\/pages\/8118","targetHints":{"allow":["GET"]}}],"collection":[{"href":"https:\/\/mantrashakti.nl\/index.php?rest_route=\/wp\/v2\/pages"}],"about":[{"href":"https:\/\/mantrashakti.nl\/index.php?rest_route=\/wp\/v2\/types\/page"}],"author":[{"embeddable":true,"href":"https:\/\/mantrashakti.nl\/index.php?rest_route=\/wp\/v2\/users\/3"}],"replies":[{"embeddable":true,"href":"https:\/\/mantrashakti.nl\/index.php?rest_route=%2Fwp%2Fv2%2Fcomments&post=8118"}],"version-history":[{"count":50,"href":"https:\/\/mantrashakti.nl\/index.php?rest_route=\/wp\/v2\/pages\/8118\/revisions"}],"predecessor-version":[{"id":9031,"href":"https:\/\/mantrashakti.nl\/index.php?rest_route=\/wp\/v2\/pages\/8118\/revisions\/9031"}],"wp:featuredmedia":[{"embeddable":true,"href":"https:\/\/mantrashakti.nl\/index.php?rest_route=\/wp\/v2\/media\/5052"}],"wp:attachment":[{"href":"https:\/\/mantrashakti.nl\/index.php?rest_route=%2Fwp%2Fv2%2Fmedia&parent=8118"}],"curies":[{"name":"wp","href":"https:\/\/api.w.org\/{rel}","templated":true}]}}