{"id":336,"date":"2014-01-18T14:12:23","date_gmt":"2014-01-18T13:12:23","guid":{"rendered":"https:\/\/www.mantrashakti.nl\/?page_id=336"},"modified":"2025-03-07T12:42:52","modified_gmt":"2025-03-07T11:42:52","slug":"werkwijze","status":"publish","type":"page","link":"https:\/\/mantrashakti.nl\/?page_id=336","title":{"rendered":"Werkwijze"},"content":{"rendered":"<h3 style=\"text-align: justify;\"><span style=\"color: #c42e08;\">In onze werkwijze streven wij naar leefbaarheid en verrijking.<br \/>\n<span style=\"color: #ffffff;\">.<\/span><\/span><\/h3>\n<h3 style=\"text-align: center;\"><span style=\"color: #800000; font-size: 12pt;\">Samen op weg is;<br \/>\nde ene voet voor de andere plaatsen<br \/>\nen het andere been soms achter de andere aan te laten gaan,<br \/>\nalvorens daarna weer de leiding te nemen.&#8217;<br \/>\n<span style=\"font-size: 8pt;\"><em>\u00a0 \u00a0 \u00a0Laxman Raj Giri<\/em><\/span><\/span><span style=\"font-size: 10pt; color: #ffffff;\"><span style=\"font-family: verdana, geneva, sans-serif;\">.<\/span><\/span><\/h3>\n<h2><span style=\"font-size: 14pt; color: #008080;\">WERKWIJZE STAPSGEWIJS UITGELEGD:<\/span><\/h2>\n<p style=\"text-align: justify;\"><span style=\"font-family: verdana, geneva, sans-serif; font-size: 10pt; color: #008080;\"><span style=\"font-family: verdana, geneva, sans-serif; font-size: 10pt;\"><span style=\"font-family: verdana, geneva, sans-serif; font-size: 10pt;\"><span style=\"color: #008080;\">De healing en meditatie sessie worden verzorgd door Laxman Raj Giri. Inhoudelijk kunt u dit met hem bespreken. Mocht er behoefte aan zijn, dan geeft Liedewij Giri graag bredere uitleg en verdieping over de thematiek.<\/span><br \/>\n<span style=\"color: #ffffff;\">.<\/span><\/span><\/span><\/span><\/p>\n<h6><span style=\"color: #008080;\">ONTMOETEN:<\/span><\/h6>\n<p style=\"text-align: justify;\"><span style=\"font-family: verdana, geneva, sans-serif; font-size: 10pt;\"><span style=\"font-family: verdana, geneva, sans-serif; font-size: 10pt;\"><span style=\"font-family: verdana, geneva, sans-serif; font-size: 10pt;\">Je hebt van ons gehoord, gelezen of ons ontmoet. Veel informatie vind je op onze website.\u00a0Je mag ons altijd bellen met een vraag. Daar geven wij graag uitleg over. Om echt in te gaan op een vraag die over de toedracht van iets gaat moeten wij elkaar toch echt eerst zien, zodat wij zeker weten met welke energie-vorm wij te maken hebben. Door het te voelen kunnen we met elkaar bespreken of dat wat wij zien en jij ervaart ook over hetzelfde gaat.<\/span><\/span><\/span><\/p>\n<p style=\"text-align: justify;\"><span style=\"font-family: verdana, geneva, sans-serif; font-size: 10pt;\"><span style=\"font-family: verdana, geneva, sans-serif; font-size: 10pt;\"><span style=\"font-size: 8pt;\">JE ONTMOET ONS OP EEN SPIRITUELE BEURS:<\/span> Op de beurs geven wij geen healing of reading omdat er op zo een openbaren e drukke plek heel veel inmengingen en signalen komen van buitenaf. Op de beurs staan wij om informatie te geven over Mantra Shakti.<\/span><\/span><\/p>\n<h6 style=\"text-align: justify;\"><span style=\"color: #008080;\">AFSPRAAK: .<\/span><\/h6>\n<p style=\"text-align: justify;\"><span style=\"font-family: verdana, geneva, sans-serif; font-size: 10pt;\"><span style=\"font-family: verdana, geneva, sans-serif; font-size: 10pt;\">We plannen samen een afspraak in voor een eerste sessie, deze heet Intake Sessie. U vult daarvoor een <a href=\"https:\/\/mantrashakti.nl\/mantrashakti.nl\/client-registratie-formulier\/\" target=\"_blank\" rel=\"noopener noreferrer\">intake formulier<\/a> in, waarbij wij uw <a href=\"https:\/\/mantrashakti.nl\/mantrashakti.nl\/disclaimer-en-privacy\/\" target=\"_blank\" rel=\"noopener\">privacy<\/a> in acht nemen. De\u00a0sessie duurt ongeveer 1 en een half uur, waarin we de tijd nemen om met elkaar te praten en aansluitend een eerste sessie in de praktijk geven.\u00a0<a href=\"https:\/\/mantrashakti.nl\/mantrashakti.nl\/prijzen\/\" target=\"_blank\" rel=\"noopener noreferrer\">Actuele prijzen<\/a><\/span><\/span><\/p>\n<h6 style=\"text-align: justify;\"><span style=\"color: #008080;\">BEGELEIDING:<\/span> <span style=\"color: #ffffff;\">.<\/span><\/h6>\n<p style=\"text-align: justify;\"><span style=\"font-family: verdana, geneva, sans-serif; font-size: 10pt;\"><span style=\"font-family: verdana, geneva, sans-serif; font-size: 10pt;\">Wij adviseren iemand mee te nemen naar de Intake Sessie, maar ook bij de vervolgsessie mag er iemand bij aanwezig zijn. Om te zien wat er gebeurd en dit samen te delen \u00e9n te steunen is deze persoon van harte welkom, opnames mogen niet worden gemaakt. Ook na afloop kunt u nog even in een roes zijn en is begeleiding prettig.<\/span><\/span><\/p>\n<h6 style=\"text-align: justify;\"><span style=\"color: #008080;\">INDRUK:<\/span><\/h6>\n<p style=\"text-align: justify;\"><span style=\"font-family: verdana, geneva, sans-serif; font-size: 10pt;\"><span style=\"font-family: verdana, geneva, sans-serif; font-size: 10pt;\">Heeft u veel te verwerken, aan pijn of leed en\/of bent u erg gevoelig, dan kunnen de sessies een diepe indruk op u achterlaten (zowel fysiek als mentaal). Hoe iedereen de sessie ervaart is verschillend, zo ook de uitwerking daarvan. Wij horen graag hoe het bij u voelt en wat het teweeg brengt. Op basis daarvan maken we een nieuwe afspraak voor een vervolg sessie. Bellen of een e-mail met (korte) vragen tussendoor mag altijd.<\/span><\/span><\/p>\n<h6><span style=\"color: #008080;\">VOORTGANG: <\/span><\/h6>\n<p style=\"text-align: justify;\"><span style=\"font-family: verdana, geneva, sans-serif; font-size: 10pt;\"><span style=\"font-size: 10pt;\">Wij streven naar leefbaarheid en verrijking, het &#8216;probleem oplossen&#8217; zit vaak gebed in vele lagen waar u ook zelf mee aan de slag gaat. Iedereen heeft een eigen levens-energie samenstelling. Sluiten uw levens-energie en visies aan op de onze, dan vergemakkelijkt dit het proces. Per gezinslid kan er dus meer of minder bijdrage liggen in onze manier van energiewerk.\u00a0Wij werken op basis van <a href=\"https:\/\/mantrashakti.nl\/mantrashakti.nl\/mantra\/\" target=\"_blank\" rel=\"noopener noreferrer\">mantra&#8217;s<\/a>. Wij respecteren het als uw en onze verwachtingen niet op hetzelfde vlak liggen. Hier moet helderheid over bestaan. Zo vindt ieder zijn\/haar eigen weg en daar horen eigen keuzes en begeleiders bij. Het is net als met een bord vol eten, iedere dag kiezen we iets anders, maar moeten wel waken voor de juiste balans. Zo is het ook met therapie\u00ebn, het is aan u om een gezonde samenstelling te maken, wie of welke therapie u daarvoor kiest zou elkaar niet tegen moeten staan, mits ze inderdaad allemaal goed doen aan uw gezondheid.<\/span><\/span><\/p>\n<h6><span style=\"color: #008080;\">NIET MEER DAN NODIG IS:<\/span><\/h6>\n<p style=\"text-align: justify;\"><span style=\"font-family: verdana, geneva, sans-serif; font-size: 10pt;\">Ons werk in Mantra Shakti komt voort uit onze persoonlijke levenshouding. Onze kennis en ervaring willen wij delen. Met delen doen wij een beroep op de ander die onze aanvulling met zichzelf integreert, het zich eigen maakt. Ieder heeft een eigen identiteit. Dit is ons leven en ons brood <a href=\"https:\/\/mantrashakti.nl\/mantrashakti.nl\/referentie\/\" target=\"_blank\" rel=\"noopener noreferrer\"><em>(lees meer over ons)<\/em><\/a>&#8230;, kom je voor een sessie dan vragen wij daar ook iets voor terug. Een behandeling is naar ons inzien afgerond als er geen verdere (externe) energetische verstoring door ons te behandelen zijn. Ondervindt u nog wel emotionele waarnemingen, dan kan er dmv een meer coachende begeleiding ondersteuning gegeven worden of gaat u op zoek naar een andere therapeut. Wij geven u wel graag mee dat u zelf goed in de gaten houdt wat u wel en niet veranderd wilt hebben, dus niet teveel tegelijkertijd en alles met rust en aandacht bekijken.<\/span><\/p>\n<h6><span style=\"color: #008080;\">VERVOLG SESSIE VOOR PERSOONLIJKE ONTWIKKELING: <\/span><\/h6>\n<p style=\"text-align: justify;\"><span style=\"font-family: verdana, geneva, sans-serif; font-size: 10pt;\">Vindt u het fijn om toch een voortgang te hebben nadat de healing sessie zijn afgerond?, dan kunnen wij u helpen met <a href=\"https:\/\/mantrashakti.nl\/mantrashakti.nl\/pray-and-practise\/\" target=\"_blank\" rel=\"noopener\">persoonlijke ontwikkeling<\/a>.\u00a0<\/span><\/p>\n<h3><span style=\"font-family: verdana, geneva, sans-serif; color: #ffffff;\">.<\/span><\/h3>\n<h6 style=\"text-align: center;\"><\/h6>\n<h6 style=\"text-align: center;\"><span style=\"color: #008000; font-size: 12pt;\">Gelijkwaardigheid vinden we niet in het gelijk opgaan met elkaar,<\/span><br \/>\n<span style=\"color: #008000; font-size: 12pt;\"> maar juist in het waarderen van elkaars bijdrage<\/span><br \/>\n<span style=\"color: #008000; font-size: 12pt;\">in wat ons voorwaarts brengt.<\/span><\/h6>\n<p><span style=\"color: #ffffff;\">.<\/span><\/p>\n<h3><\/h3>\n<h2 style=\"text-align: justify;\"><span style=\"color: #c42e08; font-size: 14pt;\">MEER OVER ONZE WERKWIJZE:<\/span><\/h2>\n<p style=\"text-align: justify;\"><span style=\"font-size: 10pt;\"><span style=\"font-family: verdana, geneva, sans-serif;\">Mantra Shakti is niet aangesloten bij een Nederlandse beroepsvereniging en is daarmee ook niet aftrekbaar bij uw zorgverzekering. Wij hebben deze keuze zorgvuldig overwogen en uitgesloten dat het Nederlandse instituut de kennis heeft die aansluit bij de Nepalese overleveringen zoals Laxman en zijn leraren die in hun leven hebben opgedaan. Wij kiezen bewust om zorg te dragen voor onze eigen praktijk, dan ons te richten naar een maatstaf.<br \/>\n<\/span><\/span><span style=\"font-family: verdana, geneva, sans-serif; font-size: 10pt;\">Liedewij is wel bezig met een (westerse-)medisch onderlegde studie, waarin deze vergoeding wel is opgenomen. Zij kan u dan een specifiek aantal behandelmethoden aanbieden. Wilt u toch een sjamanistische healing, dan kunnen wij u wel van dienst zijn, maar uw zorgverzekering niet. Zo proberen wij een brug te slaan tussen Oost en West, met meer en minder meetbare zaken.<\/span><\/p>\n<h6 style=\"text-align: justify;\"><span style=\"color: #c42e08;\">WAAR KOMT ONZE WERKWIJZE VANDAAN?<\/span><\/h6>\n<div id=\"attachment_4075\" style=\"width: 160px\" class=\"wp-caption alignleft\"><img decoding=\"async\" aria-describedby=\"caption-attachment-4075\" class=\"wp-image-4075 size-thumbnail\" src=\"https:\/\/mantrashakti.nl\/wp-content\/uploads\/2014\/01\/praktijk-150x150.jpg\" alt=\"werkwijze\" width=\"150\" height=\"150\" \/><p id=\"caption-attachment-4075\" class=\"wp-caption-text\"><span style=\"font-size: 8pt;\">In de praktijk is een klein altaar voor Laxman om zijn dank en bescherming aan te betuigen.<\/span><\/p><\/div>\n<p style=\"text-align: justify;\"><span style=\"font-family: verdana, geneva, sans-serif; font-size: 10pt;\">Mantra Shakti\u00a0heeft zijn kenmerken uit de <a title=\"Hindoe\u00efsme is een westerse naam voor de 35 eeuwen oude culturele traditie van zo'n 80% van de Indi\u00ebrs. Het Hindoe\u00efsme kent geen stichter, maar is het resultaat van een eeuwenlang ontwikkelingsproces, waarbij voortdurend vreemde elementen werden opgenomen. Het heeft geen centrale kerkelijke organisatie, g\u00e9\u00e9n algemeen geldende richtinggevende geschriften en geen door allen erkende geloofsbelijdenis. In het Hindoe\u00efsme wordt \u00e9\u00e9n goddelijk principe, het Brahman, beschouwd als de oerbron van alle bestaan. De hindoe heeft daarom eerbied voor alles wat leeft.\" href=\"http:\/\/hindoeisme.besteoverzicht.nl\/\" target=\"_blank\" rel=\"noopener noreferrer\">Hindoestaanse<\/a> cultuur van Nepal, daar waar Laxman Giri geboren is en een groot deel van zijn leven geleefd heeft. De Hindoestaanse religie passen wij niet toe in de werkzaamheden van Mantra Shakti. In Nederland proberen wij juist de twee culturen te versmelten, gelijk als in ons huishouden en opvoeding van onze kinderen. Onze behandelwijze komen voort uit eigen ervaring in meditatie. Wij handelen uit persoonlijk inzicht en levenservaring.<br \/>\n&gt; <a href=\"https:\/\/mantrashakti.nl\/mantrashakti.nl\/namaste-nepal\/\" target=\"_blank\" rel=\"noopener noreferrer\">Op onze pagina Namast\u00e9 Nepal vertellen wij meer over de cultuur en de natuur in Nepal<\/a><\/span><\/p>\n<p style=\"text-align: justify;\"><span style=\"font-family: verdana, geneva, sans-serif; font-size: 10pt;\">Laxman werkt op zijn huisadres. De praktijk kamer ligt in de tuin waar alle meditatie en healing sessies gegeven worden. In de meeste gevallen is Liedewij ook thuis aan het werk en kan zij helpen bij het uitleg geven en de vertaalslag maken naar de Nederlandse (Europese) cultuur.<br \/>\n<\/span><span style=\"color: #ffffff;\">..<\/span><\/p>\n<div id=\"attachment_4077\" style=\"width: 160px\" class=\"wp-caption alignright\"><img decoding=\"async\" aria-describedby=\"caption-attachment-4077\" class=\"wp-image-4077 size-full\" src=\"https:\/\/mantrashakti.nl\/wp-content\/uploads\/2014\/01\/praktijk-klein.jpg\" alt=\"werkwijze\" width=\"150\" height=\"150\" \/><p id=\"caption-attachment-4077\" class=\"wp-caption-text\"><span style=\"font-size: 8pt;\">De praktijk van Mantra Shakti geeft uitkijk op een heerlijke tuin.<\/span><\/p><\/div>\n<h6 style=\"text-align: justify;\"><span style=\"color: #c42e08;\">PRAKTIJK AAN HUIS<\/span><\/h6>\n<p style=\"text-align: justify;\"><span style=\"font-family: verdana, geneva, sans-serif; font-size: 10pt;\">In de afgelopen jaren zijn wij gegroeid, maar kiezen bewust niet voor een commerci\u00eble &#8216;bedrijfsvoering&#8217; aanpak en werkwijze. Laxman en Liedewij werken als man en vrouw samen en wij kennen vrijwel al onze contacten bij naam en levensverhaal\/gebeurtenis. Dit willen wij graag zo houden en daarom nodigen wij u uit in ons eigen huis. Op die manier kunt u ons ervaren. Gelukkig en gezond samen leven is dat wat wij voor onze kinderen voor ogen hebben met het werk wat wij middels Mantra Shakti doen.<br \/>\nU bent van harte welkom in onze\u00a0woonkamer om iets te drinken, elkaar kort te spreken tot alles klaar is. In onze achtertuin hebben wij de schuur verbouwd tot praktijkruimte. U kunt parkeren in de straat, de fiets mag in de voortuin en verschillende bushaltes zijn op loopafstand.\u00a0<\/span><\/p>\n<h6 style=\"text-align: justify;\"><span style=\"color: #c42e08;\">DE EERSTE SESSIE IS EEN INTAKE TER KENNISMAKING, voor ons en zeker ook voor u<\/span><\/h6>\n<p style=\"text-align: justify;\"><span style=\"font-family: verdana, geneva, sans-serif; font-size: 10pt;\">Komt u voor de eerste keer bij Mantra Shakti, dan plannen wij een intakesessie in. Ook leerlingen bij een cursus ontmoeten wij graag eerst een keertje persoonlijk, maar dat\u00a0gaat meestal op natuurlijk wijze vanzelf. Een\u00a0intakesessie is opgebouwd uit twee delen; de kennismaking waarbij wij\u00a0invoelen in\u00a0de situatie en daar aansluitend een eerste behandeling. Een intakesessie duurt\u00a0ongeveer anderhalf uur. Wij hopen dat in de daaropvolgende dagen u meer inzicht krijgt in dat wat er veranderd is door de healing sessie. Wij kunnen dan telefonisch met elkaar bespreken of u een tweede sessie wilt afspreken en waarop wij ons dan richten. Iedere reactie of pijnindicatie\/verlichting geeft ons informatie over de toestand van uw energetisch veld in en rond\u00a0uw lichaam. <\/span><\/p>\n<p style=\"text-align: justify;\"><span style=\"font-family: verdana, geneva, sans-serif; font-size: 10pt;\">Laxman zal met u uw vragen en verwachtingen doornemen om zo een eerste indruk te krijgen van uw verzoek. Door meditatie zal hij de relatie tot uw complicaties onderzoeken. De meeste verzoeken kunnen waarschijnlijk niet in \u00e9\u00e9n enkele sessie worden behandeld. Samen zullen jullie dan de voortzetting van uw sessie bespreken. <a href=\"https:\/\/mantrashakti.nl\/mantrashakti.nl\/healing\/\" target=\"_blank\" rel=\"noopener\">&gt; lees meer en bekijk de video<\/a><\/span><\/p>\n<h6 style=\"text-align: justify;\"><span style=\"color: #c42e08;\">IN ONZE BEHANDELWIJZE GEBRUIKEN WIJ NIETS EXTRA&#8217;S<\/span><\/h6>\n<p style=\"text-align: justify;\"><span style=\"font-family: verdana, geneva, sans-serif; font-size: 10pt;\">Tijdens een sessie is fysiek contact niet per se noodzakelijk. Laxman en Liedewij vragen altijd om uw toestemming. In de\u00a0sessies wordt er gebruik gemaakt van\u00a0rijst, water, wierook en waxinelichtjes. Voorafgaande aan elke sessies reinigt Laxman\u00a0de praktijkruimte en treft hij de voorbereidingen voor het volgende consult.<\/span><br \/>\n<span style=\"font-family: verdana, geneva, sans-serif; font-size: 10pt;\">Wij gebruiken ook geen extra middelen die je in moet innemen zoals; plantenextracten en of andere middelen of drankjes. Wij werken alleen met door ons zelf uitgesproken <a href=\"https:\/\/mantrashakti.nl\/mantrashakti.nl\/mantra\/\" target=\"_blank\" rel=\"noopener noreferrer\">mantra&#8217;s<\/a> in jouw nabije omgeving. Tijdens een sessie is fysiek contact niet per se noodzakelijk.\u00a0<\/span><\/p>\n<h6><span style=\"color: #c42e08;\">ALTIJD EVEN SPANNEND?.. kom dan niet alleen<\/span><\/h6>\n<div id=\"attachment_2681\" style=\"width: 160px\" class=\"wp-caption alignleft\"><img decoding=\"async\" aria-describedby=\"caption-attachment-2681\" class=\"wp-image-2681 size-thumbnail\" src=\"https:\/\/mantrashakti.nl\/wp-content\/uploads\/2014\/09\/DSC06172-edit-150x150.jpg\" alt=\"werkwijze\" width=\"150\" height=\"150\" srcset=\"https:\/\/mantrashakti.nl\/wp-content\/uploads\/2014\/09\/DSC06172-edit-150x150.jpg 150w, https:\/\/mantrashakti.nl\/wp-content\/uploads\/2014\/09\/DSC06172-edit-149x150.jpg 149w, https:\/\/mantrashakti.nl\/wp-content\/uploads\/2014\/09\/DSC06172-edit.jpg 199w\" sizes=\"(max-width: 150px) 100vw, 150px\" \/><p id=\"caption-attachment-2681\" class=\"wp-caption-text\"><span style=\"font-size: 8pt;\">Erbij zijn, ook in een healing, maakt dat je onderdeel wordt.<\/span><\/p><\/div>\n<p style=\"text-align: justify;\"><span style=\"font-family: verdana, geneva, sans-serif; font-size: 10pt;\">Het is mogelijk dat complicati<\/span><span style=\"font-family: verdana, geneva, sans-serif; font-size: 10pt;\">es aan<\/span><span style=\"font-family: verdana, geneva, sans-serif; font-size: 10pt;\">\u00a0verschillende obstakels zijn gerelateerd. Het leven is namelijk een facet van de vele dingen die ons maken,\u00a0<\/span><span style=\"font-family: verdana, geneva, sans-serif; font-size: 10pt;\">wie we zijn en hoe we leven. Wij hopen dat <a title=\"lees meer: bereidwilligheid\" href=\"https:\/\/mantrashakti.nl\/mantrashakti.nl\/bereidwilligheid\/\" target=\"_blank\" rel=\"noopener noreferrer\">u uw zelf open wilt stellen<\/a> voor verschillende manieren van energiewerk. Uw participatie is te allen tijde op je eigen vrije wil. De intakesessie kan al een diepe indruk op u nalaten. Steun en begeleiding van een vriend of kennis tijdens uw (intake) sessie kunnen helpen om het proces te begrijpen en te ondersteunen. (bent je jonger dan 18 jaar dan hebben wij ook graag contact met je ouders of aangewezen voogd)\u00a0<\/span><\/p>\n<p><span style=\"color: #ffffff;\">.<\/span><\/p>\n<h6 style=\"text-align: justify;\"><span style=\"color: #c42e08;\">DE ZAKELIJKE KANT<\/span><\/h6>\n<p style=\"text-align: justify;\"><span style=\"font-family: verdana, geneva, sans-serif; font-size: 10pt;\">Voor aanvang van uw intakesessie zal Laxman u vragen een cli\u00ebnt registratie formulier in te vullen (<a href=\"https:\/\/mantrashakti.nl\/mantrashakti.nl\/client-registratie-formulier\/\" target=\"_blank\" rel=\"noopener noreferrer\">hier ter inzage<\/a>). Dit formulier gebruiken wij om uw verhaal op te kunnen noteren. Alle dossiers worden bewaard in de praktijk en behandelen wij oprecht omdat het uw <a href=\"https:\/\/mantrashakti.nl\/mantrashakti.nl\/disclaimer-en-privacy\/\" target=\"_blank\" rel=\"noopener\">privacy<\/a> betreft. Wij vragen u het formulier te ondertekenen zodat wij onderling een afspraak hebben over uw verwachtingen en de voortgang daarvan. <em>Wilt u de <a href=\"https:\/\/mantrashakti.nl\/mantrashakti.nl\/algemene-voorwaarden\/\" target=\"_blank\" rel=\"noopener noreferrer\">algemene voorwaarden<\/a> en de <a href=\"https:\/\/mantrashakti.nl\/mantrashakti.nl\/disclaimer\/\" target=\"_blank\" rel=\"noopener noreferrer\">disclaimer en privacy<\/a> verklaring inzien? dan kan uiteraard, bij ons in de praktijk.<\/em><br \/>\nEen normale sessie duurt ongeveer \u00e9\u00e9n uur.\u00a0De prijs per sessie is \u20ac65,- incl. (zie actuele <a title=\"Prijzen\" href=\"https:\/\/mantrashakti.nl\/mantrashakti.nl\/prijzen\/\" target=\"_blank\" rel=\"noopener noreferrer\">Prijzen<\/a>). Als er meer sessies nodig zijn, zal Laxman dit bespreken tijdens het plannen van uw volgende afspraak en u informeren over de prijs.<\/span><\/p>\n","protected":false},"excerpt":{"rendered":"<p>Onze werkwijze komt voort uit hoe wij de dingen in het leven zien. Door meditatie vergaren wij kennis die wij over de jaren hebben kunnen toetsen aan visie en uiteenlopende behandelmethoden. Er zijn vaak overeenkomsten, meer dan dat er regels zijn. Een overeenkomst zegt veel over de constitutie van iets, en ook een beetje over hoe wij ernaar kijken. In basis is een goede werkwijze elkaar met respect behandelen en wijzen op de positieve aspecten die ons voorwaarts kunnen brengen. De uitvoering van een werkwijze is het meest gezond als hier telkens aan verbeterd wordt, verrijkt met nieuwe kennis die is opgedaan. Zo staan wij in het leven en zo willen wij ook graag te werk gaan. <a class=\"continue-reading-link\" href=\"https:\/\/mantrashakti.nl\/?page_id=336\"> Continue reading <span class=\"meta-nav\">&rarr; <\/span><\/a><\/p>\n","protected":false},"author":3,"featured_media":4654,"parent":0,"menu_order":0,"comment_status":"closed","ping_status":"closed","template":"","meta":{"footnotes":""},"class_list":["post-336","page","type-page","status-publish","has-post-thumbnail","hentry"],"_links":{"self":[{"href":"https:\/\/mantrashakti.nl\/index.php?rest_route=\/wp\/v2\/pages\/336","targetHints":{"allow":["GET"]}}],"collection":[{"href":"https:\/\/mantrashakti.nl\/index.php?rest_route=\/wp\/v2\/pages"}],"about":[{"href":"https:\/\/mantrashakti.nl\/index.php?rest_route=\/wp\/v2\/types\/page"}],"author":[{"embeddable":true,"href":"https:\/\/mantrashakti.nl\/index.php?rest_route=\/wp\/v2\/users\/3"}],"replies":[{"embeddable":true,"href":"https:\/\/mantrashakti.nl\/index.php?rest_route=%2Fwp%2Fv2%2Fcomments&post=336"}],"version-history":[{"count":164,"href":"https:\/\/mantrashakti.nl\/index.php?rest_route=\/wp\/v2\/pages\/336\/revisions"}],"predecessor-version":[{"id":9074,"href":"https:\/\/mantrashakti.nl\/index.php?rest_route=\/wp\/v2\/pages\/336\/revisions\/9074"}],"wp:featuredmedia":[{"embeddable":true,"href":"https:\/\/mantrashakti.nl\/index.php?rest_route=\/wp\/v2\/media\/4654"}],"wp:attachment":[{"href":"https:\/\/mantrashakti.nl\/index.php?rest_route=%2Fwp%2Fv2%2Fmedia&parent=336"}],"curies":[{"name":"wp","href":"https:\/\/api.w.org\/{rel}","templated":true}]}}